{"id":18592,"date":"2025-02-04T12:55:35","date_gmt":"2025-02-04T11:55:35","guid":{"rendered":"https:\/\/jaeger-precision.com\/?page_id=18592"},"modified":"2025-05-05T10:16:59","modified_gmt":"2025-05-05T09:16:59","slug":"impressum","status":"publish","type":"page","link":"https:\/\/jaeger-precision.com\/de\/impressum\/","title":{"rendered":"Impressum"},"content":{"rendered":"\t\t<div data-elementor-type=\"wp-page\" data-elementor-id=\"18592\" class=\"elementor elementor-18592\" data-elementor-post-type=\"page\">\n\t\t\t\t<div class=\"elementor-element elementor-element-ba2cb76 e-con-full e-flex e-con e-parent\" data-id=\"ba2cb76\" data-element_type=\"container\" data-e-type=\"container\">\n\t\t\t\t<div class=\"elementor-element elementor-element-8520ead elementor-widget elementor-widget-heading\" data-id=\"8520ead\" data-element_type=\"widget\" data-e-type=\"widget\" data-widget_type=\"heading.default\">\n\t\t\t\t<div class=\"elementor-widget-container\">\n\t\t\t\t\t<h1 class=\"elementor-heading-title elementor-size-default\">Impressum<\/h1>\t\t\t\t<\/div>\n\t\t\t\t<\/div>\n\t\t\t\t<div class=\"elementor-element elementor-element-b61fc70 elementor-widget elementor-widget-text-editor\" data-id=\"b61fc70\" data-element_type=\"widget\" data-e-type=\"widget\" data-widget_type=\"text-editor.default\">\n\t\t\t\t<div class=\"elementor-widget-container\">\n\t\t\t\t\t\t\t\t\t<p><strong>Angaben nach \u00a7 5 Digitale-Dienste-Gesetz (DDG)<\/strong><br \/>Jaeger Precision Elastomers GmbH<br \/>Lohweg 1<br \/>30559 Hannover (Germany)<\/p><p>Tel.\u00a0<a href=\"tel:+ 49 511 %E2%80%93 5358 0\">+ 49 511 \u2013 5358 0<\/a><br \/>Fax + 49 511 \u2013 553394<br \/><a href=\"https:\/\/jaeger-precision.com\/de\/\">www.jaeger-precision.com<\/a><br \/><a id=\"menurgv\" class=\"fui-Link ___1q1shib f2hkw1w f3rmtva f1ewtqcl fyind8e f1k6fduh f1w7gpdv fk6fouc fjoy568 figsok6 f1s184ao f1mk8lai fnbmjn9 f1o700av f13mvf36 f1cmlufx f9n3di6 f1ids18y f1tx3yz7 f1deo86v f1eh06m1 f1iescvh fhgqx19 f1olyrje f1p93eir f1nev41a f1h8hb77 f1lqvz6u f10aw75t fsle3fq f17ae5zn\" title=\"mailto:info@jaeger-pe.com\" href=\"mailto:info@jaeger-pe.com\" target=\"_blank\" rel=\"noreferrer noopener\" aria-label=\"Link info@jaeger-pe.com\">info@jaeger-pe.com<\/a><\/p><p><strong>Vertretungsberechtigt gem\u00e4\u00df \u00a7 5 Nr. 1 DDG:<\/strong><\/p><p><strong>Gesch\u00e4ftsf\u00fchrer<\/strong>:<br \/>Christian Lempfer und Heiko Rischbieter<\/p><p><strong>Umsatzsteuer-Identnummer:<\/strong><br \/>DE 353481428<\/p><p><strong>Handelsregister:<\/strong><br \/>Amtsgericht Hannover, HRB Nr. 222969<\/p><p>Der Inhalt dieser Website ist gesch\u00fctzt. Vervielf\u00e4ltigung, \u00dcbertragung, Ver\u00f6ffentlichung oder Speicherung eines Teils oder des gesamten Inhalts in irgendeiner Form sind ohne schriftliche Genehmigung der Jaeger Precision Elastomers GmbH untersagt. Hiervon ausgenommen ist die auszugsweise Speicherung oder das Drucken von Teilen dieser Seiten f\u00fcr private Zwecke.<\/p><p>Jaeger Precision Elastomers GmbH beansprucht das Urheberrecht auf alle Dokumente und Grafiken dieser Seiten. Ausgenommen sind Logos fremder Firmen und Institutionen sowie Artikel und Grafiken, die mit Copyright eines anderen Autoren gekennzeichnet sind. Manche Seiten k\u00f6nnen Produkt- oder Firmennamen beinhalten, die gesch\u00fctzte Handelsnamen sind. Das Recht an den Fachbeitr\u00e4gen haben ausschlie\u00dflich die dort zitierten Personen.<\/p><p>F\u00fcr die Richtigkeit und Aktualit\u00e4t der angebotenen Informationen, insbesondere der rechtlichen Vorschriften, wird keine Gew\u00e4hr \u00fcbernommen. Alle Links und Nennungen von Fachbeitr\u00e4gen, Personen und anderen Daten auf dieser Homepage sind nicht als Wertung zu verstehen.<\/p><p>F\u00fcr die Richtigkeit der Informationen, die diese Seite beinhaltet, haftet weder der Autor, der Provider, noch irgendeine nat\u00fcrliche oder juristische Person. Jaeger Precision Elastomers GmbH \u00fcbernimmt keine Verantwortung f\u00fcr Material, das von Dritten produziert oder ver\u00f6ffentlicht wurde oder f\u00fcr den Inhalt der hier verlinkten Seiten.<\/p><p>Alle Informationen auf dieser Website werden einzig und allein zum Zwecke der allgemeinen und generellen Darstellung bereitgestellt und begr\u00fcnden keine gesch\u00e4ftlichen oder beruflichen Beziehungen irgendwelcher Art.<\/p>\t\t\t\t\t\t\t\t<\/div>\n\t\t\t\t<\/div>\n\t\t\t\t<\/div>\n\t\t\t\t<\/div>\n\t\t","protected":false},"excerpt":{"rendered":"<p>Impressum Angaben nach \u00a7 5 Digitale-Dienste-Gesetz (DDG)Jaeger Precision Elastomers GmbHLohweg 130559 Hannover (Germany) Tel.\u00a0+ 49 511 \u2013 5358 0Fax + 49 511 \u2013 553394www.jaeger-precision.cominfo@jaeger-pe.com Vertretungsberechtigt gem\u00e4\u00df \u00a7 5 Nr. 1 DDG: Gesch\u00e4ftsf\u00fchrer:Christian Lempfer und Heiko Rischbieter Umsatzsteuer-Identnummer:DE 353481428 Handelsregister:Amtsgericht Hannover, HRB Nr. 222969 Der Inhalt dieser Website ist gesch\u00fctzt. Vervielf\u00e4ltigung, \u00dcbertragung, Ver\u00f6ffentlichung oder Speicherung eines [&hellip;]<\/p>\n","protected":false},"author":3,"featured_media":0,"parent":0,"menu_order":0,"comment_status":"closed","ping_status":"closed","template":"elementor_header_footer","meta":{"footnotes":""},"class_list":["post-18592","page","type-page","status-publish","hentry"],"_links":{"self":[{"href":"https:\/\/jaeger-precision.com\/de\/wp-json\/wp\/v2\/pages\/18592","targetHints":{"allow":["GET"]}}],"collection":[{"href":"https:\/\/jaeger-precision.com\/de\/wp-json\/wp\/v2\/pages"}],"about":[{"href":"https:\/\/jaeger-precision.com\/de\/wp-json\/wp\/v2\/types\/page"}],"author":[{"embeddable":true,"href":"https:\/\/jaeger-precision.com\/de\/wp-json\/wp\/v2\/users\/3"}],"replies":[{"embeddable":true,"href":"https:\/\/jaeger-precision.com\/de\/wp-json\/wp\/v2\/comments?post=18592"}],"version-history":[{"count":0,"href":"https:\/\/jaeger-precision.com\/de\/wp-json\/wp\/v2\/pages\/18592\/revisions"}],"wp:attachment":[{"href":"https:\/\/jaeger-precision.com\/de\/wp-json\/wp\/v2\/media?parent=18592"}],"curies":[{"name":"wp","href":"https:\/\/api.w.org\/{rel}","templated":true}]}}